{"id":590,"date":"2020-12-08T17:40:04","date_gmt":"2020-12-08T16:40:04","guid":{"rendered":"https:\/\/www.association-et302.fr\/?page_id=590"},"modified":"2021-01-23T17:34:13","modified_gmt":"2021-01-23T16:34:13","slug":"flotte","status":"publish","type":"page","link":"https:\/\/www.association-et302.fr\/index.php\/flotte\/","title":{"rendered":"Flotte des Boeing 737 MAX en Europe et dans le monde"},"content":{"rendered":"\n<blockquote class=\"wp-block-quote\"><p>\u00ab\u00a0Le premier Boeing 737 MAX \u00e0 effectuer un vol commercial en vingt mois a d\u00e9coll\u00e9, mercredi 9&nbsp;d\u00e9cembre, de Sao Paulo en direction de Porto Alegre, au Br\u00e9sil, sous les couleurs de la compagnie a\u00e9rienne GOL, la premi\u00e8re au monde \u00e0 reprendre des vols avec cet appareil.\u00a0\u00bb<\/p><cite><em>Le Monde<\/em>, 9\/12\/20<\/cite><\/blockquote>\n\n\n\n<p>Alors m\u00eame que le rapport final de l&rsquo;enqu\u00eate sur le crash de l&rsquo;ET302 n&rsquo;est pas encore paru et que Boeing continue de garder secret des documents et informations sur le 737 MAX, celui-ci est de nouveau autoris\u00e9 \u00e0 voler et \u00e0 transporter des passagers.<\/p>\n\n\n\n<p>Pour les familles des victimes du 737 MAX, il y a encore \u00e9norm\u00e9ment de doutes sur la s\u00e9curit\u00e9 de ce mod\u00e8le de Boeing (cf. <a href=\"https:\/\/www.association-et302.fr\/index.php\/actions\/\" target=\"_blank\" rel=\"noreferrer noopener\">Nos actions<\/a>) et il est insupportable de savoir qu&rsquo;il va de nouveau parcourir le ciel avec des personnes \u00e0 son bord.<\/p>\n\n\n\n<p>La plupart des compagnies assurent qu&rsquo;elles permettront aux passagers de se faire rembourser ou \u00e9changer leurs billets, s&rsquo;ils ne souhaitent pas monter \u00e0 bord d&rsquo;un 737 MAX, mais sous quelles conditions et pour combien de temps?<\/p>\n\n\n\n<p>Parce qu&rsquo;en achetant un billet d&rsquo;avion, le consommateur ne sait jamais sur quel type d&rsquo;appareil il va embarquer, vous trouverez ici :<\/p>\n\n\n\n<ul><li><a href=\"#process\">Le point sur les processus de recertification du Boeing 737 MAX \u00e0 travers le monde<\/a><\/li><li><a href=\"#flotte\">La liste des compagnies a\u00e9riennes s&rsquo;\u00e9tant fait livrer ou ayant command\u00e9 des 737 MAX<\/a><\/li><\/ul>\n\n\n\n<div class=\"wp-block-group\"><div class=\"wp-block-group__inner-container\">\n<h2 class=\"has-text-align-center\" id=\"process\"><strong><span style=\"color:#ff0000\" class=\"has-inline-color\">PROCESSUS DE RECERTIFICATION<\/span><\/strong><\/h2>\n<\/div><\/div>\n\n\n\n<h4><strong>ETATS-UNIS :<\/strong><\/h4>\n\n\n\n<p>La Federal Aviation Agency (FAA) a lev\u00e9 l&rsquo;interdiction de vol du Boeing 737 MAX le <strong>18 novembre 2020<\/strong>. <a rel=\"noreferrer noopener\" href=\"https:\/\/www.faa.gov\/news\/updates\/?newsId=93206\" target=\"_blank\">Source<\/a><br><em>American Airlines<\/em> a effectu\u00e9 un premier vol avec le 737 MAX, le <strong>29 d\u00e9cembre 2020 <\/strong>(<a rel=\"noreferrer noopener\" href=\"https:\/\/www.leparisien.fr\/economie\/le-boeing-737-max-reprend-du-service-american-airlines-ouvre-ses-portes-pour-dissiper-les-peurs-03-12-2020-8411983.php\" target=\"_blank\">en savoir plus<\/a>).<\/p>\n\n\n\n<blockquote class=\"wp-block-quote\"><p>\u00ab\u00a0United Airlines et Southwest, plus grosse cliente du&nbsp;737&nbsp;MAX avant les accidents, ne pr\u00e9voient pas de reprendre les vols avant 2021. La premi\u00e8re pr\u00e9voit le premier vol commercial sur le sol am\u00e9ricain le 11&nbsp;f\u00e9vrier, tandis que l&rsquo;autre parle du deuxi\u00e8me trimestre 2021.\u00a0\u00bb<\/p><cite><em>Le Point<\/em>, le 29\/12\/20<\/cite><\/blockquote>\n\n\n\n<h4><strong>BRESIL :<\/strong> <\/h4>\n\n\n\n<p>La National Civil Aviation Agency &#8211; Brazil (ANAC) a \u00e0 son tour lev\u00e9 l&rsquo;interdiction de vol du 737 MAX le <strong>25 novembre 2020<\/strong>. <a rel=\"noreferrer noopener\" href=\"https:\/\/www.anac.gov.br\/en\/news\/anac-approves-return-of-operations-with-boeing-737-8-max-aircraft-in-brazil\" target=\"_blank\">Source<\/a><br>La compagnie a\u00e9rienne <em>GOL<\/em> a d\u00e9j\u00e0 remis en service le MAX et effectuer un premier vol le <strong>9 d\u00e9cembre 2020<\/strong>.<\/p>\n\n\n\n<h4><strong>MEXIQUE :<\/strong><\/h4>\n\n\n\n<p>La compagnie a\u00e9rienne <em>Aeromexico<\/em> a annonc\u00e9 qu&rsquo;elle rouvrait ses lignes int\u00e9rieures au 737 MAX et a effectu\u00e9 un premier vol en <strong>d\u00e9cembre 2020<\/strong>.<\/p>\n\n\n\n<h4>Au <strong>CANADA<\/strong> et en <strong>EUROPE<\/strong> :<\/h4>\n\n\n\n<p>Les agences gouvernementales respectives, Transport Canada et l&rsquo;European Union Aviation Safety Agency (EASA) n&rsquo;ont pas encore recertifi\u00e9 le 737 MAX, mais les proc\u00e9dures sont en cours.<\/p>\n\n\n\n<p>Les familles des victimes du vol ET302 se sont oppos\u00e9es au projet de recertification du 737 MAX par l&rsquo;EASA dans une lettre en d\u00e9cembre 2020 (<a rel=\"noreferrer noopener\" href=\"https:\/\/www.association-et302.fr\/index.php\/2020\/12\/23\/reponse-des-familles-a-lad-de-leasa\/\" target=\"_blank\">lire la lettre<\/a>).<\/p>\n\n\n\n<blockquote class=\"wp-block-quote\"><p>\u00ab\u00a0<strong>Un probl\u00e8me de r\u00e9acteur lors d&rsquo;un vol d&rsquo;essai<\/strong><br>Le 25&nbsp;d\u00e9cembre, un&nbsp;737&nbsp;MAX d&rsquo;Air&nbsp;Canada, qui effectuait un vol d&rsquo;essai entre l&rsquo;Arizona (\u00c9tats-Unis) et Montr\u00e9al avec trois membres d&rsquo;\u00e9quipage \u00e0 bord,&nbsp;<a href=\"https:\/\/www.lepoint.fr\/monde\/boeing-un-737-max-d-air-canada-deroute-a-cause-d-un-probleme-de-reacteur-25-12-2020-2407119_24.php\" data-type=\"URL\" data-id=\"https:\/\/www.lepoint.fr\/monde\/boeing-un-737-max-d-air-canada-deroute-a-cause-d-un-probleme-de-reacteur-25-12-2020-2407119_24.php\" target=\"_blank\" rel=\"noreferrer noopener\">a connu un probl\u00e8me de r\u00e9acteur<\/a> qui l&rsquo;a forc\u00e9 \u00e0 atterrir peu apr\u00e8s son d\u00e9collage.\u00a0\u00bb<\/p><cite><em>Le Point<\/em>, le 29\/12\/20<\/cite><\/blockquote>\n\n\n\n<h2 class=\"has-text-align-center\" id=\"flotte\"><strong><span style=\"color:#ff0000\" class=\"has-inline-color\">FLOTTE DES 737 MAX PAR COMPAGNIES AERIENNES (command\u00e9s et\/ou livr\u00e9s au 31\/12\/20)<\/span><\/strong><\/h2>\n\n\n\n<h4><strong>EUROPE :<\/strong><\/h4>\n\n\n\n<p><span class=\"has-inline-color has-black-color\">AerCap \/ Air Europa \/ Avolon &#8211; Ireland \/ Blue Air \/ CDB Financial Leasing \/ Enter Air Sp. z o.o. \/ Icelandair \/ Monarch Airlines \/ Norwegian Air Shuttle \/ Primera Air \/ Ryanair \/ SkyUp Airlines \/ Smartwings, a.s. \/ SMBC Aviation Capital \/ TAROM Romanian Air Transport \/ Timaero Ireland Limited \/ TUI Travel PLC<\/span><\/p>\n\n\n\n<h4>ETATS-UNIS &amp; CANADA :<\/h4>\n\n\n\n<p><span class=\"has-inline-color has-black-color\">Air Canada \/ Air Lease Corporation \/ Alaska Airlines \/ American Airlines \/ Aviation Capital Group \/ Boeing Capital Corporation \/ Business Jet &#8211; VIP Customer(s) \/ CIT Aerospace LLC \/ Eastern Air Lines Group, Inc. \/ GECAS \/ Jackson Square Aviation \/ Jetlines \/  Southwest Airlines \/ United Airlines \/ WestJet<\/span><\/p>\n\n\n\n<h4><strong>ASIE, EURASIE &amp; MOYEN-ORIENT :<\/strong><\/h4>\n\n\n\n<p><span class=\"has-inline-color has-black-color\">9 Air \/ Air China \/ ALAFCO \/ BOC Aviation Limited \/ CALC \/ China Development Bank Fin. \/ China Eastern Airlines \/ China Southern Airlines \/ Donghai Airlines \/ flydubai \/ Garuda Indonesia \/ Hainan Airlines Holding \/ ICBC Leasing \/ Jeju Air \/ Jet Airways \/ JIA \/ Korean Air \/ Lion Air \/ Malaysia Airlines \/ Nok Air \/ Okay Airways Company Limited \/ Oman Air (SAOC) \/ Qatar Airways \/ Ruili Airlines \/ SCAT Airlines \/ Shandong Airlines \/ Shenzhen Airlines \/ SilkAir \/ SpiceJet \/ SunExpress Airlines \/ Turkish Airlines \/ Turkmenhowayollary Agency \/ UTair Aviation \/ VietJet Air \/ Xiamen Airlines<\/span><\/p>\n\n\n\n<h4><strong>AMERIQUE DU SUD ET CENTRALE :<\/strong><\/h4>\n\n\n\n<p><span class=\"has-inline-color has-black-color\">Aerolineas Argentinas \/ Aeromexico \/ Avolon Aerospace Leasing Limit \/ Copa Airlines \/ GOL Linhas Aereas \/ Goshawk Aviation Limited<\/span><\/p>\n\n\n\n<h4><strong>AFRIQUE :<\/strong><\/h4>\n\n\n\n<p><span class=\"has-inline-color has-black-color\">Air Peace \/ Arik Air \/ Comair Limited \/ Ethiopian Airlines Group \/ Mauritania Airlines \/ Royal air Maroc<\/span><\/p>\n\n\n\n<h4><strong>OCEANIE :<\/strong><\/h4>\n\n\n\n<p><span class=\"has-inline-color has-black-color\">Air Niugini \/ Fiji Airways \/ Virgin Australia Airlines<\/span><\/p>\n\n\n\n<p><a rel=\"noreferrer noopener\" href=\"https:\/\/www.boeing.com\/commercial\/#\/orders-deliveries\" target=\"_blank\">Source<\/a><\/p>\n","protected":false},"excerpt":{"rendered":"<p>\u00ab\u00a0Le premier Boeing 737 MAX \u00e0 effectuer un&#8230;<\/p>\n","protected":false},"author":2,"featured_media":0,"parent":0,"menu_order":0,"comment_status":"closed","ping_status":"closed","template":"","meta":[],"_links":{"self":[{"href":"https:\/\/www.association-et302.fr\/index.php\/wp-json\/wp\/v2\/pages\/590"}],"collection":[{"href":"https:\/\/www.association-et302.fr\/index.php\/wp-json\/wp\/v2\/pages"}],"about":[{"href":"https:\/\/www.association-et302.fr\/index.php\/wp-json\/wp\/v2\/types\/page"}],"author":[{"embeddable":true,"href":"https:\/\/www.association-et302.fr\/index.php\/wp-json\/wp\/v2\/users\/2"}],"replies":[{"embeddable":true,"href":"https:\/\/www.association-et302.fr\/index.php\/wp-json\/wp\/v2\/comments?post=590"}],"version-history":[{"count":37,"href":"https:\/\/www.association-et302.fr\/index.php\/wp-json\/wp\/v2\/pages\/590\/revisions"}],"predecessor-version":[{"id":881,"href":"https:\/\/www.association-et302.fr\/index.php\/wp-json\/wp\/v2\/pages\/590\/revisions\/881"}],"wp:attachment":[{"href":"https:\/\/www.association-et302.fr\/index.php\/wp-json\/wp\/v2\/media?parent=590"}],"curies":[{"name":"wp","href":"https:\/\/api.w.org\/{rel}","templated":true}]}}