{"id":455,"date":"2020-03-05T11:35:22","date_gmt":"2020-03-05T10:35:22","guid":{"rendered":"https:\/\/www.association-et302.fr\/?page_id=455"},"modified":"2020-03-05T16:55:05","modified_gmt":"2020-03-05T15:55:05","slug":"sebastiano","status":"publish","type":"page","link":"https:\/\/www.association-et302.fr\/index.php\/en-memoire\/sebastiano\/","title":{"rendered":"Sebastiano"},"content":{"rendered":"\t\t<div data-elementor-type=\"wp-page\" data-elementor-id=\"455\" class=\"elementor elementor-455\" data-elementor-settings=\"[]\">\n\t\t\t\t\t\t<div class=\"elementor-inner\">\n\t\t\t\t\t\t\t<div class=\"elementor-section-wrap\">\n\t\t\t\t\t\t\t<section class=\"elementor-section elementor-top-section elementor-element elementor-element-113b370 elementor-section-stretched elementor-section-boxed elementor-section-height-default elementor-section-height-default\" data-id=\"113b370\" data-element_type=\"section\" data-settings=\"{&quot;stretch_section&quot;:&quot;section-stretched&quot;}\">\n\t\t\t\t\t\t<div class=\"elementor-container elementor-column-gap-default\">\n\t\t\t\t\t\t\t<div class=\"elementor-row\">\n\t\t\t\t\t<div class=\"elementor-column elementor-col-33 elementor-top-column elementor-element elementor-element-5759bb1e\" data-id=\"5759bb1e\" data-element_type=\"column\" data-settings=\"{&quot;background_background&quot;:&quot;classic&quot;}\">\n\t\t\t<div class=\"elementor-column-wrap elementor-element-populated\">\n\t\t\t\t\t\t\t<div class=\"elementor-widget-wrap\">\n\t\t\t\t\t\t<div class=\"elementor-element elementor-element-4848bc6c elementor-widget elementor-widget-image\" data-id=\"4848bc6c\" data-element_type=\"widget\" data-widget_type=\"image.default\">\n\t\t\t\t<div class=\"elementor-widget-container\">\n\t\t\t\t\t<div class=\"elementor-image\">\n\t\t\t\t\t\t\t\t\t\t<img width=\"588\" height=\"704\" src=\"https:\/\/www.association-et302.fr\/wp-content\/uploads\/2020\/03\/SEBASTIANO-NB.jpg\" class=\"attachment-large size-large\" alt=\"\" loading=\"lazy\" srcset=\"https:\/\/www.association-et302.fr\/wp-content\/uploads\/2020\/03\/SEBASTIANO-NB.jpg 588w, https:\/\/www.association-et302.fr\/wp-content\/uploads\/2020\/03\/SEBASTIANO-NB-251x300.jpg 251w, https:\/\/www.association-et302.fr\/wp-content\/uploads\/2020\/03\/SEBASTIANO-NB-300x359.jpg 300w\" sizes=\"(max-width: 588px) 100vw, 588px\" \/>\t\t\t\t\t\t\t\t\t\t\t<\/div>\n\t\t\t\t<\/div>\n\t\t\t\t<\/div>\n\t\t\t\t\t\t<\/div>\n\t\t\t\t\t<\/div>\n\t\t<\/div>\n\t\t\t\t<div class=\"elementor-column elementor-col-66 elementor-top-column elementor-element elementor-element-42c5274c\" data-id=\"42c5274c\" data-element_type=\"column\">\n\t\t\t<div class=\"elementor-column-wrap elementor-element-populated\">\n\t\t\t\t\t\t\t<div class=\"elementor-widget-wrap\">\n\t\t\t\t\t\t<div class=\"elementor-element elementor-element-5abe5243 elementor-widget elementor-widget-text-editor\" data-id=\"5abe5243\" data-element_type=\"widget\" data-widget_type=\"text-editor.default\">\n\t\t\t\t<div class=\"elementor-widget-container\">\n\t\t\t\t\t<div class=\"elementor-text-editor elementor-clearfix\"><p>Sebastiano, 67 ans, \u00e9tait un arch\u00e9ologue passionn\u00e9 de renom international et Conseiller en mati\u00e8re de patrimoine culturel dans la r\u00e9gion sicilienne. Il a \u00e9galement \u00e9t\u00e9 professeur de pal\u00e9ontologie \u00e0 l&rsquo;universit\u00e9 Suor Orsola Benincasa de Naples et a exerc\u00e9 des fonctions politiques dans l\u2019administration r\u00e9gionale sicilienne.<\/p><p><em>\u00ab\u00a0Il est des \u00eatres dont la vie ne ressemble \u00e0 aucune autre. Sebastiano Tusa est l\u2019un d\u2019eux. Les membres de la SFAC qui ont pu suivre sa conf\u00e9rence sur la Bataille des \u00c9gades, pr\u00e9sent\u00e9e le 20 novembre 2010, ont certainement ressenti combien sa pr\u00e9sence \u00e9tait forte. Sebastiano ne connaissait pas parfaitement le fran\u00e7ais, mais il lisait son texte avec tant de conviction que, tous, nous comprenions tout, entra\u00een\u00e9s par le climat particulier de son expos\u00e9.\u00a0\u00bb\u00a0 <\/em>Martine Fourmont de la Soci\u00e9t\u00e9 Fran\u00e7aise d&rsquo;Arch\u00e9ologie Classique <strong><a href=\"https:\/\/www.association-et302.fr\/wp-content\/uploads\/2020\/03\/Hommage_Sebastiano_Tusa.pdf\" target=\"_blank\" rel=\"noopener\">Lire la suite<\/a><\/strong><\/p><\/div>\n\t\t\t\t<\/div>\n\t\t\t\t<\/div>\n\t\t\t\t\t\t<\/div>\n\t\t\t\t\t<\/div>\n\t\t<\/div>\n\t\t\t\t\t\t\t\t<\/div>\n\t\t\t\t\t<\/div>\n\t\t<\/section>\n\t\t\t\t<section class=\"elementor-section elementor-top-section elementor-element elementor-element-7deb2e5a elementor-section-boxed elementor-section-height-default elementor-section-height-default\" data-id=\"7deb2e5a\" data-element_type=\"section\">\n\t\t\t\t\t\t<div class=\"elementor-container elementor-column-gap-default\">\n\t\t\t\t\t\t\t<div class=\"elementor-row\">\n\t\t\t\t\t<div class=\"elementor-column elementor-col-100 elementor-top-column elementor-element elementor-element-65c1f744\" data-id=\"65c1f744\" data-element_type=\"column\">\n\t\t\t<div class=\"elementor-column-wrap elementor-element-populated\">\n\t\t\t\t\t\t\t<div class=\"elementor-widget-wrap\">\n\t\t\t\t\t\t<div class=\"elementor-element elementor-element-2d9889ad elementor-widget elementor-widget-text-editor\" data-id=\"2d9889ad\" data-element_type=\"widget\" data-widget_type=\"text-editor.default\">\n\t\t\t\t<div class=\"elementor-widget-container\">\n\t\t\t\t\t<div class=\"elementor-text-editor elementor-clearfix\"><p>\u00a9 All rights reserved<\/p><\/div>\n\t\t\t\t<\/div>\n\t\t\t\t<\/div>\n\t\t\t\t\t\t<\/div>\n\t\t\t\t\t<\/div>\n\t\t<\/div>\n\t\t\t\t\t\t\t\t<\/div>\n\t\t\t\t\t<\/div>\n\t\t<\/section>\n\t\t\t\t\t\t<\/div>\n\t\t\t\t\t\t<\/div>\n\t\t\t\t\t<\/div>\n\t\t","protected":false},"excerpt":{"rendered":"<p>Sebastiano, 67 ans, \u00e9tait un arch\u00e9ologue passionn\u00e9 de&#8230;<\/p>\n","protected":false},"author":2,"featured_media":0,"parent":317,"menu_order":0,"comment_status":"closed","ping_status":"closed","template":"","meta":[],"_links":{"self":[{"href":"https:\/\/www.association-et302.fr\/index.php\/wp-json\/wp\/v2\/pages\/455"}],"collection":[{"href":"https:\/\/www.association-et302.fr\/index.php\/wp-json\/wp\/v2\/pages"}],"about":[{"href":"https:\/\/www.association-et302.fr\/index.php\/wp-json\/wp\/v2\/types\/page"}],"author":[{"embeddable":true,"href":"https:\/\/www.association-et302.fr\/index.php\/wp-json\/wp\/v2\/users\/2"}],"replies":[{"embeddable":true,"href":"https:\/\/www.association-et302.fr\/index.php\/wp-json\/wp\/v2\/comments?post=455"}],"version-history":[{"count":6,"href":"https:\/\/www.association-et302.fr\/index.php\/wp-json\/wp\/v2\/pages\/455\/revisions"}],"predecessor-version":[{"id":464,"href":"https:\/\/www.association-et302.fr\/index.php\/wp-json\/wp\/v2\/pages\/455\/revisions\/464"}],"up":[{"embeddable":true,"href":"https:\/\/www.association-et302.fr\/index.php\/wp-json\/wp\/v2\/pages\/317"}],"wp:attachment":[{"href":"https:\/\/www.association-et302.fr\/index.php\/wp-json\/wp\/v2\/media?parent=455"}],"curies":[{"name":"wp","href":"https:\/\/api.w.org\/{rel}","templated":true}]}}