{"id":449,"date":"2020-03-05T11:25:12","date_gmt":"2020-03-05T10:25:12","guid":{"rendered":"https:\/\/www.association-et302.fr\/?page_id=449"},"modified":"2020-03-05T16:55:30","modified_gmt":"2020-03-05T15:55:30","slug":"suzanne-jean-michel","status":"publish","type":"page","link":"https:\/\/www.association-et302.fr\/index.php\/en-memoire\/suzanne-jean-michel\/","title":{"rendered":"Suzanne &#038; Jean-Michel"},"content":{"rendered":"\t\t<div data-elementor-type=\"wp-page\" data-elementor-id=\"449\" class=\"elementor elementor-449\" data-elementor-settings=\"[]\">\n\t\t\t\t\t\t<div class=\"elementor-inner\">\n\t\t\t\t\t\t\t<div class=\"elementor-section-wrap\">\n\t\t\t\t\t\t\t<section class=\"elementor-section elementor-top-section elementor-element elementor-element-2e8d39e2 elementor-section-stretched elementor-section-boxed elementor-section-height-default elementor-section-height-default\" data-id=\"2e8d39e2\" data-element_type=\"section\" data-settings=\"{&quot;stretch_section&quot;:&quot;section-stretched&quot;}\">\n\t\t\t\t\t\t<div class=\"elementor-container elementor-column-gap-default\">\n\t\t\t\t\t\t\t<div class=\"elementor-row\">\n\t\t\t\t\t<div class=\"elementor-column elementor-col-33 elementor-top-column elementor-element elementor-element-4592c5a8\" data-id=\"4592c5a8\" data-element_type=\"column\" data-settings=\"{&quot;background_background&quot;:&quot;classic&quot;}\">\n\t\t\t<div class=\"elementor-column-wrap elementor-element-populated\">\n\t\t\t\t\t\t\t<div class=\"elementor-widget-wrap\">\n\t\t\t\t\t\t<div class=\"elementor-element elementor-element-23489 elementor-widget elementor-widget-image\" data-id=\"23489\" data-element_type=\"widget\" data-widget_type=\"image.default\">\n\t\t\t\t<div class=\"elementor-widget-container\">\n\t\t\t\t\t<div class=\"elementor-image\">\n\t\t\t\t\t\t\t\t\t\t<img width=\"581\" height=\"706\" src=\"https:\/\/www.association-et302.fr\/wp-content\/uploads\/2020\/03\/SUZANNE-NB.jpg\" class=\"attachment-large size-large\" alt=\"\" loading=\"lazy\" srcset=\"https:\/\/www.association-et302.fr\/wp-content\/uploads\/2020\/03\/SUZANNE-NB.jpg 581w, https:\/\/www.association-et302.fr\/wp-content\/uploads\/2020\/03\/SUZANNE-NB-247x300.jpg 247w, https:\/\/www.association-et302.fr\/wp-content\/uploads\/2020\/03\/SUZANNE-NB-300x365.jpg 300w\" sizes=\"(max-width: 581px) 100vw, 581px\" \/>\t\t\t\t\t\t\t\t\t\t\t<\/div>\n\t\t\t\t<\/div>\n\t\t\t\t<\/div>\n\t\t\t\t<div class=\"elementor-element elementor-element-304cabf elementor-widget elementor-widget-image\" data-id=\"304cabf\" data-element_type=\"widget\" data-widget_type=\"image.default\">\n\t\t\t\t<div class=\"elementor-widget-container\">\n\t\t\t\t\t<div class=\"elementor-image\">\n\t\t\t\t\t\t\t\t\t\t<img width=\"588\" height=\"708\" src=\"https:\/\/www.association-et302.fr\/wp-content\/uploads\/2020\/03\/JEAN-MICHEL-NB.jpg\" class=\"attachment-large size-large\" alt=\"\" loading=\"lazy\" srcset=\"https:\/\/www.association-et302.fr\/wp-content\/uploads\/2020\/03\/JEAN-MICHEL-NB.jpg 588w, https:\/\/www.association-et302.fr\/wp-content\/uploads\/2020\/03\/JEAN-MICHEL-NB-249x300.jpg 249w, https:\/\/www.association-et302.fr\/wp-content\/uploads\/2020\/03\/JEAN-MICHEL-NB-300x361.jpg 300w\" sizes=\"(max-width: 588px) 100vw, 588px\" \/>\t\t\t\t\t\t\t\t\t\t\t<\/div>\n\t\t\t\t<\/div>\n\t\t\t\t<\/div>\n\t\t\t\t\t\t<\/div>\n\t\t\t\t\t<\/div>\n\t\t<\/div>\n\t\t\t\t<div class=\"elementor-column elementor-col-66 elementor-top-column elementor-element elementor-element-204e7903\" data-id=\"204e7903\" data-element_type=\"column\">\n\t\t\t<div class=\"elementor-column-wrap elementor-element-populated\">\n\t\t\t\t\t\t\t<div class=\"elementor-widget-wrap\">\n\t\t\t\t\t\t<div class=\"elementor-element elementor-element-79b0b611 elementor-widget elementor-widget-text-editor\" data-id=\"79b0b611\" data-element_type=\"widget\" data-widget_type=\"text-editor.default\">\n\t\t\t\t<div class=\"elementor-widget-container\">\n\t\t\t\t\t<div class=\"elementor-text-editor elementor-clearfix\"><p>Retrait\u00e9s tourn\u00e9s vers les autres, parents rassembleurs, grands-parents de trois petits enfants avec qui ils partageaient les plaisirs h\u00e9donistes du jardinage, du bricolage ou de la p\u00eache, amis fid\u00e8les toujours pr\u00eats \u00e0 aider, Suzanne et Jean-Michel, 63 et 67 ans, partaient au Kenya pour s\u2019offrir du temps pour eux et revenir charg\u00e9s de souvenirs \u00e0 partager avec les leurs.<\/p><\/div>\n\t\t\t\t<\/div>\n\t\t\t\t<\/div>\n\t\t\t\t\t\t<\/div>\n\t\t\t\t\t<\/div>\n\t\t<\/div>\n\t\t\t\t\t\t\t\t<\/div>\n\t\t\t\t\t<\/div>\n\t\t<\/section>\n\t\t\t\t<section class=\"elementor-section elementor-top-section elementor-element elementor-element-11c1ec92 elementor-section-boxed elementor-section-height-default elementor-section-height-default\" data-id=\"11c1ec92\" data-element_type=\"section\">\n\t\t\t\t\t\t<div class=\"elementor-container elementor-column-gap-default\">\n\t\t\t\t\t\t\t<div class=\"elementor-row\">\n\t\t\t\t\t<div class=\"elementor-column elementor-col-100 elementor-top-column elementor-element elementor-element-5a4fc7c6\" data-id=\"5a4fc7c6\" data-element_type=\"column\">\n\t\t\t<div class=\"elementor-column-wrap elementor-element-populated\">\n\t\t\t\t\t\t\t<div class=\"elementor-widget-wrap\">\n\t\t\t\t\t\t<div class=\"elementor-element elementor-element-7fd5de58 elementor-widget elementor-widget-text-editor\" data-id=\"7fd5de58\" data-element_type=\"widget\" data-widget_type=\"text-editor.default\">\n\t\t\t\t<div class=\"elementor-widget-container\">\n\t\t\t\t\t<div class=\"elementor-text-editor elementor-clearfix\"><p>\u00a9 All rights reserved<\/p><\/div>\n\t\t\t\t<\/div>\n\t\t\t\t<\/div>\n\t\t\t\t\t\t<\/div>\n\t\t\t\t\t<\/div>\n\t\t<\/div>\n\t\t\t\t\t\t\t\t<\/div>\n\t\t\t\t\t<\/div>\n\t\t<\/section>\n\t\t\t\t\t\t<\/div>\n\t\t\t\t\t\t<\/div>\n\t\t\t\t\t<\/div>\n\t\t","protected":false},"excerpt":{"rendered":"<p>Retrait\u00e9s tourn\u00e9s vers les autres, parents rassembleurs, grands-parents&#8230;<\/p>\n","protected":false},"author":2,"featured_media":0,"parent":317,"menu_order":0,"comment_status":"closed","ping_status":"closed","template":"","meta":[],"_links":{"self":[{"href":"https:\/\/www.association-et302.fr\/index.php\/wp-json\/wp\/v2\/pages\/449"}],"collection":[{"href":"https:\/\/www.association-et302.fr\/index.php\/wp-json\/wp\/v2\/pages"}],"about":[{"href":"https:\/\/www.association-et302.fr\/index.php\/wp-json\/wp\/v2\/types\/page"}],"author":[{"embeddable":true,"href":"https:\/\/www.association-et302.fr\/index.php\/wp-json\/wp\/v2\/users\/2"}],"replies":[{"embeddable":true,"href":"https:\/\/www.association-et302.fr\/index.php\/wp-json\/wp\/v2\/comments?post=449"}],"version-history":[{"count":2,"href":"https:\/\/www.association-et302.fr\/index.php\/wp-json\/wp\/v2\/pages\/449\/revisions"}],"predecessor-version":[{"id":452,"href":"https:\/\/www.association-et302.fr\/index.php\/wp-json\/wp\/v2\/pages\/449\/revisions\/452"}],"up":[{"embeddable":true,"href":"https:\/\/www.association-et302.fr\/index.php\/wp-json\/wp\/v2\/pages\/317"}],"wp:attachment":[{"href":"https:\/\/www.association-et302.fr\/index.php\/wp-json\/wp\/v2\/media?parent=449"}],"curies":[{"name":"wp","href":"https:\/\/api.w.org\/{rel}","templated":true}]}}