{"id":394,"date":"2020-03-04T19:23:03","date_gmt":"2020-03-04T18:23:03","guid":{"rendered":"https:\/\/www.association-et302.fr\/?page_id=394"},"modified":"2020-03-05T16:51:42","modified_gmt":"2020-03-05T15:51:42","slug":"joanna","status":"publish","type":"page","link":"https:\/\/www.association-et302.fr\/index.php\/en-memoire\/joanna\/","title":{"rendered":"Joanna"},"content":{"rendered":"\t\t<div data-elementor-type=\"wp-page\" data-elementor-id=\"394\" class=\"elementor elementor-394\" data-elementor-settings=\"[]\">\n\t\t\t\t\t\t<div class=\"elementor-inner\">\n\t\t\t\t\t\t\t<div class=\"elementor-section-wrap\">\n\t\t\t\t\t\t\t<section class=\"elementor-section elementor-top-section elementor-element elementor-element-131caf05 elementor-section-stretched elementor-section-boxed elementor-section-height-default elementor-section-height-default\" data-id=\"131caf05\" data-element_type=\"section\" data-settings=\"{&quot;stretch_section&quot;:&quot;section-stretched&quot;}\">\n\t\t\t\t\t\t<div class=\"elementor-container elementor-column-gap-default\">\n\t\t\t\t\t\t\t<div class=\"elementor-row\">\n\t\t\t\t\t<div class=\"elementor-column elementor-col-33 elementor-top-column elementor-element elementor-element-52c89718\" data-id=\"52c89718\" data-element_type=\"column\" data-settings=\"{&quot;background_background&quot;:&quot;classic&quot;}\">\n\t\t\t<div class=\"elementor-column-wrap elementor-element-populated\">\n\t\t\t\t\t\t\t<div class=\"elementor-widget-wrap\">\n\t\t\t\t\t\t<div class=\"elementor-element elementor-element-1db9a765 elementor-widget elementor-widget-image\" data-id=\"1db9a765\" data-element_type=\"widget\" data-widget_type=\"image.default\">\n\t\t\t\t<div class=\"elementor-widget-container\">\n\t\t\t\t\t<div class=\"elementor-image\">\n\t\t\t\t\t\t\t\t\t\t<img width=\"589\" height=\"707\" src=\"https:\/\/www.association-et302.fr\/wp-content\/uploads\/2020\/03\/JOANNA-NB.jpg\" class=\"attachment-large size-large\" alt=\"\" loading=\"lazy\" srcset=\"https:\/\/www.association-et302.fr\/wp-content\/uploads\/2020\/03\/JOANNA-NB.jpg 589w, https:\/\/www.association-et302.fr\/wp-content\/uploads\/2020\/03\/JOANNA-NB-250x300.jpg 250w, https:\/\/www.association-et302.fr\/wp-content\/uploads\/2020\/03\/JOANNA-NB-300x360.jpg 300w\" sizes=\"(max-width: 589px) 100vw, 589px\" \/>\t\t\t\t\t\t\t\t\t\t\t<\/div>\n\t\t\t\t<\/div>\n\t\t\t\t<\/div>\n\t\t\t\t\t\t<\/div>\n\t\t\t\t\t<\/div>\n\t\t<\/div>\n\t\t\t\t<div class=\"elementor-column elementor-col-66 elementor-top-column elementor-element elementor-element-18629d2b\" data-id=\"18629d2b\" data-element_type=\"column\">\n\t\t\t<div class=\"elementor-column-wrap elementor-element-populated\">\n\t\t\t\t\t\t\t<div class=\"elementor-widget-wrap\">\n\t\t\t\t\t\t<div class=\"elementor-element elementor-element-4646c456 elementor-widget elementor-widget-text-editor\" data-id=\"4646c456\" data-element_type=\"widget\" data-widget_type=\"text-editor.default\">\n\t\t\t\t<div class=\"elementor-widget-container\">\n\t\t\t\t\t<div class=\"elementor-text-editor elementor-clearfix\"><p>Joanna \u00e9tait une militante, travaillant derni\u00e8rement pour l&rsquo;ONU au sein de la Food and Agriculture Organization (FAO) sur les questions relatives aux d\u00e9chets oc\u00e9aniques. Son d\u00e9vouement \u00e0 son travail sur le bien-\u00eatre des animaux avec World Animal Protection et OceanCare et son travail sur les questions cruciales oc\u00e9aniques avec la FAO n&rsquo;\u00e9tait surpass\u00e9 que par son amour pour ses amis, sa famille et ses coll\u00e8gues.<\/p><p>Joanna transformait invariablement ses coll\u00e8gues en amis, de sorte que ceux qui la connaissaient ont \u00e9t\u00e9 profond\u00e9ment choqu\u00e9s et attrist\u00e9s par cette terrible trag\u00e9die. Le monde a perdu l&rsquo;une de ses plus grandes championnes des oc\u00e9ans et du bien-\u00eatre animal. Mais gr\u00e2ce \u00e0 la cr\u00e9ation d&rsquo;une fondation en son nom, d&rsquo;autres personnes poursuivront l&rsquo;important travail que Jo a commenc\u00e9.<\/p><\/div>\n\t\t\t\t<\/div>\n\t\t\t\t<\/div>\n\t\t\t\t\t\t<\/div>\n\t\t\t\t\t<\/div>\n\t\t<\/div>\n\t\t\t\t\t\t\t\t<\/div>\n\t\t\t\t\t<\/div>\n\t\t<\/section>\n\t\t\t\t<section class=\"elementor-section elementor-top-section elementor-element elementor-element-264c8477 elementor-section-boxed elementor-section-height-default elementor-section-height-default\" data-id=\"264c8477\" data-element_type=\"section\">\n\t\t\t\t\t\t<div class=\"elementor-container elementor-column-gap-default\">\n\t\t\t\t\t\t\t<div class=\"elementor-row\">\n\t\t\t\t\t<div class=\"elementor-column elementor-col-100 elementor-top-column elementor-element elementor-element-defaaf\" data-id=\"defaaf\" data-element_type=\"column\">\n\t\t\t<div class=\"elementor-column-wrap elementor-element-populated\">\n\t\t\t\t\t\t\t<div class=\"elementor-widget-wrap\">\n\t\t\t\t\t\t<div class=\"elementor-element elementor-element-3ae9ee8b elementor-widget elementor-widget-text-editor\" data-id=\"3ae9ee8b\" data-element_type=\"widget\" data-widget_type=\"text-editor.default\">\n\t\t\t\t<div class=\"elementor-widget-container\">\n\t\t\t\t\t<div class=\"elementor-text-editor elementor-clearfix\"><p>\u00a9 All rights reserved<\/p><\/div>\n\t\t\t\t<\/div>\n\t\t\t\t<\/div>\n\t\t\t\t\t\t<\/div>\n\t\t\t\t\t<\/div>\n\t\t<\/div>\n\t\t\t\t\t\t\t\t<\/div>\n\t\t\t\t\t<\/div>\n\t\t<\/section>\n\t\t\t\t\t\t<\/div>\n\t\t\t\t\t\t<\/div>\n\t\t\t\t\t<\/div>\n\t\t","protected":false},"excerpt":{"rendered":"<p>Joanna \u00e9tait une militante, travaillant derni\u00e8rement pour l&rsquo;ONU&#8230;<\/p>\n","protected":false},"author":2,"featured_media":0,"parent":317,"menu_order":0,"comment_status":"closed","ping_status":"closed","template":"","meta":[],"_links":{"self":[{"href":"https:\/\/www.association-et302.fr\/index.php\/wp-json\/wp\/v2\/pages\/394"}],"collection":[{"href":"https:\/\/www.association-et302.fr\/index.php\/wp-json\/wp\/v2\/pages"}],"about":[{"href":"https:\/\/www.association-et302.fr\/index.php\/wp-json\/wp\/v2\/types\/page"}],"author":[{"embeddable":true,"href":"https:\/\/www.association-et302.fr\/index.php\/wp-json\/wp\/v2\/users\/2"}],"replies":[{"embeddable":true,"href":"https:\/\/www.association-et302.fr\/index.php\/wp-json\/wp\/v2\/comments?post=394"}],"version-history":[{"count":4,"href":"https:\/\/www.association-et302.fr\/index.php\/wp-json\/wp\/v2\/pages\/394\/revisions"}],"predecessor-version":[{"id":434,"href":"https:\/\/www.association-et302.fr\/index.php\/wp-json\/wp\/v2\/pages\/394\/revisions\/434"}],"up":[{"embeddable":true,"href":"https:\/\/www.association-et302.fr\/index.php\/wp-json\/wp\/v2\/pages\/317"}],"wp:attachment":[{"href":"https:\/\/www.association-et302.fr\/index.php\/wp-json\/wp\/v2\/media?parent=394"}],"curies":[{"name":"wp","href":"https:\/\/api.w.org\/{rel}","templated":true}]}}