{"id":389,"date":"2020-03-04T19:09:38","date_gmt":"2020-03-04T18:09:38","guid":{"rendered":"https:\/\/www.association-et302.fr\/?page_id=389"},"modified":"2020-03-05T16:53:36","modified_gmt":"2020-03-05T15:53:36","slug":"max-thabiso","status":"publish","type":"page","link":"https:\/\/www.association-et302.fr\/index.php\/en-memoire\/max-thabiso\/","title":{"rendered":"Max Thabiso"},"content":{"rendered":"\t\t<div data-elementor-type=\"wp-page\" data-elementor-id=\"389\" class=\"elementor elementor-389\" data-elementor-settings=\"[]\">\n\t\t\t\t\t\t<div class=\"elementor-inner\">\n\t\t\t\t\t\t\t<div class=\"elementor-section-wrap\">\n\t\t\t\t\t\t\t<section class=\"elementor-section elementor-top-section elementor-element elementor-element-86db5ad elementor-section-stretched elementor-section-boxed elementor-section-height-default elementor-section-height-default\" data-id=\"86db5ad\" data-element_type=\"section\" data-settings=\"{&quot;stretch_section&quot;:&quot;section-stretched&quot;}\">\n\t\t\t\t\t\t<div class=\"elementor-container elementor-column-gap-default\">\n\t\t\t\t\t\t\t<div class=\"elementor-row\">\n\t\t\t\t\t<div class=\"elementor-column elementor-col-33 elementor-top-column elementor-element elementor-element-4a91a298\" data-id=\"4a91a298\" data-element_type=\"column\" data-settings=\"{&quot;background_background&quot;:&quot;classic&quot;}\">\n\t\t\t<div class=\"elementor-column-wrap elementor-element-populated\">\n\t\t\t\t\t\t\t<div class=\"elementor-widget-wrap\">\n\t\t\t\t\t\t<div class=\"elementor-element elementor-element-339fbf54 elementor-widget elementor-widget-image\" data-id=\"339fbf54\" data-element_type=\"widget\" data-widget_type=\"image.default\">\n\t\t\t\t<div class=\"elementor-widget-container\">\n\t\t\t\t\t<div class=\"elementor-image\">\n\t\t\t\t\t\t\t\t\t\t<img width=\"590\" height=\"708\" src=\"https:\/\/www.association-et302.fr\/wp-content\/uploads\/2020\/03\/MAX-THABISO-NB.jpg\" class=\"attachment-large size-large\" alt=\"\" loading=\"lazy\" srcset=\"https:\/\/www.association-et302.fr\/wp-content\/uploads\/2020\/03\/MAX-THABISO-NB.jpg 590w, https:\/\/www.association-et302.fr\/wp-content\/uploads\/2020\/03\/MAX-THABISO-NB-250x300.jpg 250w, https:\/\/www.association-et302.fr\/wp-content\/uploads\/2020\/03\/MAX-THABISO-NB-300x360.jpg 300w\" sizes=\"(max-width: 590px) 100vw, 590px\" \/>\t\t\t\t\t\t\t\t\t\t\t<\/div>\n\t\t\t\t<\/div>\n\t\t\t\t<\/div>\n\t\t\t\t\t\t<\/div>\n\t\t\t\t\t<\/div>\n\t\t<\/div>\n\t\t\t\t<div class=\"elementor-column elementor-col-66 elementor-top-column elementor-element elementor-element-600d5fa\" data-id=\"600d5fa\" data-element_type=\"column\">\n\t\t\t<div class=\"elementor-column-wrap elementor-element-populated\">\n\t\t\t\t\t\t\t<div class=\"elementor-widget-wrap\">\n\t\t\t\t\t\t<div class=\"elementor-element elementor-element-5c6fcf46 elementor-widget elementor-widget-text-editor\" data-id=\"5c6fcf46\" data-element_type=\"widget\" data-widget_type=\"text-editor.default\">\n\t\t\t\t<div class=\"elementor-widget-container\">\n\t\t\t\t\t<div class=\"elementor-text-editor elementor-clearfix\"><p>Max Thabiso, un v\u00e9ritable citoyen du monde. Il est n\u00e9 au Lesotho, a grandi l\u00e0-bas, en Allemagne et en Afrique du Sud, et a \u00e9pous\u00e9 une Su\u00e9doise. Son nom s\u00e9sotho Thabiso signifie \u00ab\u00a0bonheur\u00a0\u00bb. Et Max a toujours abord\u00e9 la vie avec un immense sourire et en accueillant les autres &#8211; avec une force de vie puissante et positive.<\/p><p>Sa formation scientifique professionnelle lui a donn\u00e9 les bases n\u00e9cessaires pour devenir un militant de la justice climatique. Insatisfait du statu quo, Max a apport\u00e9 passion et enthousiasme \u00e0 tout ce qu&rsquo;il faisait, poussant sans cesse \u00e0 faire plus et mieux. Comme ses amis et coll\u00e8gues l&rsquo;ont d\u00e9crit : \u00ab\u00a0Max \u00e9tant Max, il a toujours \u00e9t\u00e9 en avance sur son temps\u00a0\u00bb.<\/p><p>Max Thabiso avait 35 ans lorsque sa vie lui a \u00e9t\u00e9 enlev\u00e9e, alors qu&rsquo;il se rendait \u00e0 l&rsquo;Assembl\u00e9e des Nations Unies pour l&rsquo;environnement et au sommet \u00ab\u00a0One Planet\u00a0\u00bb \u00e0 Nairobi, au Kenya. Il a laiss\u00e9 derri\u00e8re lui sa femme, ses deux petits fils, ses parents, son fr\u00e8re et une grande famille mondiale.<\/p><\/div>\n\t\t\t\t<\/div>\n\t\t\t\t<\/div>\n\t\t\t\t\t\t<\/div>\n\t\t\t\t\t<\/div>\n\t\t<\/div>\n\t\t\t\t\t\t\t\t<\/div>\n\t\t\t\t\t<\/div>\n\t\t<\/section>\n\t\t\t\t<section class=\"elementor-section elementor-top-section elementor-element elementor-element-1a129d92 elementor-section-boxed elementor-section-height-default elementor-section-height-default\" data-id=\"1a129d92\" data-element_type=\"section\">\n\t\t\t\t\t\t<div class=\"elementor-container elementor-column-gap-default\">\n\t\t\t\t\t\t\t<div class=\"elementor-row\">\n\t\t\t\t\t<div class=\"elementor-column elementor-col-100 elementor-top-column elementor-element elementor-element-43a8b4cc\" data-id=\"43a8b4cc\" data-element_type=\"column\">\n\t\t\t<div class=\"elementor-column-wrap elementor-element-populated\">\n\t\t\t\t\t\t\t<div class=\"elementor-widget-wrap\">\n\t\t\t\t\t\t<div class=\"elementor-element elementor-element-56ecfe73 elementor-widget elementor-widget-text-editor\" data-id=\"56ecfe73\" data-element_type=\"widget\" data-widget_type=\"text-editor.default\">\n\t\t\t\t<div class=\"elementor-widget-container\">\n\t\t\t\t\t<div class=\"elementor-text-editor elementor-clearfix\"><p>\u00a9 All rights reserved<\/p><\/div>\n\t\t\t\t<\/div>\n\t\t\t\t<\/div>\n\t\t\t\t\t\t<\/div>\n\t\t\t\t\t<\/div>\n\t\t<\/div>\n\t\t\t\t\t\t\t\t<\/div>\n\t\t\t\t\t<\/div>\n\t\t<\/section>\n\t\t\t\t\t\t<\/div>\n\t\t\t\t\t\t<\/div>\n\t\t\t\t\t<\/div>\n\t\t","protected":false},"excerpt":{"rendered":"<p>Max Thabiso, un v\u00e9ritable citoyen du monde. Il&#8230;<\/p>\n","protected":false},"author":2,"featured_media":0,"parent":317,"menu_order":0,"comment_status":"closed","ping_status":"closed","template":"","meta":[],"_links":{"self":[{"href":"https:\/\/www.association-et302.fr\/index.php\/wp-json\/wp\/v2\/pages\/389"}],"collection":[{"href":"https:\/\/www.association-et302.fr\/index.php\/wp-json\/wp\/v2\/pages"}],"about":[{"href":"https:\/\/www.association-et302.fr\/index.php\/wp-json\/wp\/v2\/types\/page"}],"author":[{"embeddable":true,"href":"https:\/\/www.association-et302.fr\/index.php\/wp-json\/wp\/v2\/users\/2"}],"replies":[{"embeddable":true,"href":"https:\/\/www.association-et302.fr\/index.php\/wp-json\/wp\/v2\/comments?post=389"}],"version-history":[{"count":4,"href":"https:\/\/www.association-et302.fr\/index.php\/wp-json\/wp\/v2\/pages\/389\/revisions"}],"predecessor-version":[{"id":433,"href":"https:\/\/www.association-et302.fr\/index.php\/wp-json\/wp\/v2\/pages\/389\/revisions\/433"}],"up":[{"embeddable":true,"href":"https:\/\/www.association-et302.fr\/index.php\/wp-json\/wp\/v2\/pages\/317"}],"wp:attachment":[{"href":"https:\/\/www.association-et302.fr\/index.php\/wp-json\/wp\/v2\/media?parent=389"}],"curies":[{"name":"wp","href":"https:\/\/api.w.org\/{rel}","templated":true}]}}